{"id":28,"date":"2013-03-30T11:56:57","date_gmt":"2013-03-30T09:56:57","guid":{"rendered":"http:\/\/kosmetikinstitut-bodensee.de\/?page_id=28"},"modified":"2023-07-24T19:25:08","modified_gmt":"2023-07-24T17:25:08","slug":"dr-hauschka","status":"publish","type":"page","link":"http:\/\/kosmetikinstitut-bodensee.de\/?page_id=28","title":{"rendered":"Dr. Hauschka Behandlungen"},"content":{"rendered":"<p><strong><strong>Klassische Gesichtsbehandlung nach Elisabeth Sigmund<\/strong>\u00a0<\/strong><strong><br \/>\n<\/strong><span style=\"color: #ff0000;\">Kurzurlaub der besonderen Art<\/span><br \/>\n120 Minuten &#8211; Euro 147.-<\/p>\n<p>80 Minuten &#8211; Euro 115.-<\/p>\n<p><strong><strong>Revitalisierende Gesichtsbehandlung<\/strong><\/strong><br \/>\n<span style=\"color: #ff0000;\">Muntermacher f\u00fcr die m\u00fcde Haut, Umstellungsphasen, Jahreszeitenwechsel<strong><br \/>\n<\/strong><\/span>80 Minuten &#8211; Euro 110.-<\/p>\n<p><strong>Entspannende Gesichtsbehandlung<\/strong><br \/>\n<span style=\"color: #ff0000;\">Von Kopf bis Fu\u00df entspannen<\/span><br \/>\n80 Minuten &#8211; Euro 105.-<\/p>\n<p><strong>Gesichtsbehandlung &#8222;Eine Stunde Zeit f\u00fcr mich&#8220;<\/strong><br \/>\n<span style=\"color: #ff0000;\">Individuelle Gesichtsbehandlung f\u00fcr wenig Zeit<\/span><br \/>\n60 Minuten &#8211; Euro 88.-<\/p>\n<p><strong>Reinigende Gesichtsbehandlung<\/strong><br \/>\n<span style=\"color: #ff0000;\">Intensive Tiefenreinigung, kl\u00e4rt und verfeinert die Haut<\/span><br \/>\n40 Minuten &#8211; Euro 65.-<\/p>\n<p>75 Minuten &#8211; Euro 89.-<\/p>\n<p><strong>Kl\u00e4rende Gesichtsbehandlung<\/strong><br \/>\n<span style=\"color: #ff0000;\">Intensivbehandlung speziell f\u00fcr unreine und entz\u00fcndliche Haut<\/span><br \/>\n60 Minuten &#8211; Euro 78.-<\/p>\n<p>Stand 1. August 2023<\/p>\n","protected":false},"excerpt":{"rendered":"<p>Klassische Gesichtsbehandlung nach Elisabeth Sigmund\u00a0 Kurzurlaub der besonderen Art 120 Minuten &#8211; Euro 147.- 80 Minuten &#8211; Euro 115.- Revitalisierende Gesichtsbehandlung Muntermacher f\u00fcr die m\u00fcde Haut, Umstellungsphasen, Jahreszeitenwechsel 80 Minuten &#8211; Euro 110.- Entspannende Gesichtsbehandlung Von Kopf bis Fu\u00df entspannen 80 Minuten &#8211; Euro 105.- Gesichtsbehandlung &#8222;Eine Stunde Zeit f\u00fcr mich&#8220; Individuelle Gesichtsbehandlung f\u00fcr wenig&hellip;&nbsp;<a href=\"http:\/\/kosmetikinstitut-bodensee.de\/?page_id=28\" class=\"\" rel=\"bookmark\">Weiterlesen &raquo;<span class=\"screen-reader-text\">Dr. Hauschka Behandlungen<\/span><\/a><\/p>\n","protected":false},"author":1,"featured_media":0,"parent":0,"menu_order":3,"comment_status":"closed","ping_status":"closed","template":"","meta":{"neve_meta_sidebar":"","neve_meta_container":"","neve_meta_enable_content_width":"off","neve_meta_content_width":0,"neve_meta_title_alignment":"","neve_meta_author_avatar":"","neve_post_elements_order":"","neve_meta_disable_header":"","neve_meta_disable_footer":"","neve_meta_disable_title":""},"_links":{"self":[{"href":"http:\/\/kosmetikinstitut-bodensee.de\/index.php?rest_route=\/wp\/v2\/pages\/28"}],"collection":[{"href":"http:\/\/kosmetikinstitut-bodensee.de\/index.php?rest_route=\/wp\/v2\/pages"}],"about":[{"href":"http:\/\/kosmetikinstitut-bodensee.de\/index.php?rest_route=\/wp\/v2\/types\/page"}],"author":[{"embeddable":true,"href":"http:\/\/kosmetikinstitut-bodensee.de\/index.php?rest_route=\/wp\/v2\/users\/1"}],"replies":[{"embeddable":true,"href":"http:\/\/kosmetikinstitut-bodensee.de\/index.php?rest_route=%2Fwp%2Fv2%2Fcomments&post=28"}],"version-history":[{"count":21,"href":"http:\/\/kosmetikinstitut-bodensee.de\/index.php?rest_route=\/wp\/v2\/pages\/28\/revisions"}],"predecessor-version":[{"id":293,"href":"http:\/\/kosmetikinstitut-bodensee.de\/index.php?rest_route=\/wp\/v2\/pages\/28\/revisions\/293"}],"wp:attachment":[{"href":"http:\/\/kosmetikinstitut-bodensee.de\/index.php?rest_route=%2Fwp%2Fv2%2Fmedia&parent=28"}],"curies":[{"name":"wp","href":"https:\/\/api.w.org\/{rel}","templated":true}]}}