{"id":15,"date":"2013-03-29T21:35:51","date_gmt":"2013-03-29T19:35:51","guid":{"rendered":"http:\/\/kosmetikinstitut-bodensee.de\/?page_id=15"},"modified":"2023-07-24T18:52:58","modified_gmt":"2023-07-24T16:52:58","slug":"kontakt","status":"publish","type":"page","link":"http:\/\/kosmetikinstitut-bodensee.de\/","title":{"rendered":"Herzlich Willkommen!"},"content":{"rendered":"\n<p>Im Kosmetikinstitut Ute Mellein-Dorst genie\u00dfen Sie Ihre Behandlung inmitten der \u00dcberlinger Altstadt, nicht weit entfernt von der Seepromenade. Die Kosmetikanwendungen sind nicht nur ein ganzheitliches Erlebnis von k\u00f6rperlicher Pflege, sondern sorgen auch f\u00fcr wohltuende Entspannung und schenken Ihrem K\u00f6rper und Geist eine Auszeit aus dem Alltag.<\/p>\n\n\n\n<p>Als langj\u00e4hrige Fachkosmetikerin der Produkte von Dr. Hauschka Naturkosmetik und der Sch\u00f6nheitspflege Maria Galland finden Sie bei mir eine au\u00dfergew\u00f6hnliche Beratung f\u00fcr Ihr Hautbild sowie moderne und auf Sie abgestimmte Kosmetikbehandlungen f\u00fcr Ihre pers\u00f6nliche Sch\u00f6nheit und Ihr Wohlbefinden.<\/p>\n\n\n\n<div class=\"wp-block-columns\">\n<div class=\"wp-block-column\" style=\"flex-basis:100%\">\n<div class=\"wp-block-group\"><div class=\"wp-block-group__inner-container\">\n<div class=\"wp-block-columns\">\n<div class=\"wp-block-column\" style=\"flex-basis:100%\"><\/div>\n<\/div>\n<\/div><\/div>\n<\/div>\n<\/div>\n\n\n\n<p><\/p>\n","protected":false},"excerpt":{"rendered":"<p>Im Kosmetikinstitut Ute Mellein-Dorst genie\u00dfen Sie Ihre Behandlung inmitten der \u00dcberlinger Altstadt, nicht weit entfernt von der Seepromenade. Die Kosmetikanwendungen sind nicht nur ein ganzheitliches Erlebnis von k\u00f6rperlicher Pflege, sondern sorgen auch f\u00fcr wohltuende Entspannung und schenken Ihrem K\u00f6rper und Geist eine Auszeit aus dem Alltag. Als langj\u00e4hrige Fachkosmetikerin der Produkte von Dr. Hauschka Naturkosmetik&hellip;&nbsp;<a href=\"http:\/\/kosmetikinstitut-bodensee.de\/\" class=\"\" rel=\"bookmark\">Weiterlesen &raquo;<span class=\"screen-reader-text\">Herzlich Willkommen!<\/span><\/a><\/p>\n","protected":false},"author":1,"featured_media":214,"parent":0,"menu_order":1,"comment_status":"closed","ping_status":"closed","template":"","meta":{"neve_meta_sidebar":"","neve_meta_container":"","neve_meta_enable_content_width":"on","neve_meta_content_width":85,"neve_meta_title_alignment":"","neve_meta_author_avatar":"","neve_post_elements_order":"","neve_meta_disable_header":"","neve_meta_disable_footer":"","neve_meta_disable_title":""},"_links":{"self":[{"href":"http:\/\/kosmetikinstitut-bodensee.de\/index.php?rest_route=\/wp\/v2\/pages\/15"}],"collection":[{"href":"http:\/\/kosmetikinstitut-bodensee.de\/index.php?rest_route=\/wp\/v2\/pages"}],"about":[{"href":"http:\/\/kosmetikinstitut-bodensee.de\/index.php?rest_route=\/wp\/v2\/types\/page"}],"author":[{"embeddable":true,"href":"http:\/\/kosmetikinstitut-bodensee.de\/index.php?rest_route=\/wp\/v2\/users\/1"}],"replies":[{"embeddable":true,"href":"http:\/\/kosmetikinstitut-bodensee.de\/index.php?rest_route=%2Fwp%2Fv2%2Fcomments&post=15"}],"version-history":[{"count":41,"href":"http:\/\/kosmetikinstitut-bodensee.de\/index.php?rest_route=\/wp\/v2\/pages\/15\/revisions"}],"predecessor-version":[{"id":279,"href":"http:\/\/kosmetikinstitut-bodensee.de\/index.php?rest_route=\/wp\/v2\/pages\/15\/revisions\/279"}],"wp:featuredmedia":[{"embeddable":true,"href":"http:\/\/kosmetikinstitut-bodensee.de\/index.php?rest_route=\/wp\/v2\/media\/214"}],"wp:attachment":[{"href":"http:\/\/kosmetikinstitut-bodensee.de\/index.php?rest_route=%2Fwp%2Fv2%2Fmedia&parent=15"}],"curies":[{"name":"wp","href":"https:\/\/api.w.org\/{rel}","templated":true}]}}